{"id":2081,"date":"2025-05-06T15:48:06","date_gmt":"2025-05-06T13:48:06","guid":{"rendered":"https:\/\/monblanc-gers.com\/?page_id=2081"},"modified":"2025-05-06T15:48:07","modified_gmt":"2025-05-06T13:48:07","slug":"journee-citoyenne","status":"publish","type":"page","link":"https:\/\/monblanc-gers.com\/index.php\/journee-citoyenne\/","title":{"rendered":"Journ\u00e9e citoyenne"},"content":{"rendered":"\n<p><strong>Samedi 24 Mai &#8211; RDV \u00e0 8 heures \u00e0 la MJC<\/strong><\/p>\n\n\n\n<p>Cette journ\u00e9e permet de mobiliser les Monblanais durant 1\/2 journ\u00e9e de travail.<br>Elle est suivie d\u2019un repas partag\u00e9 vers 13h \u00e0 la MJC. Cette ann\u00e9e, ce travail b\u00e9n\u00e9vole, permettra de r\u00e9aliser des petits chantiers qui am\u00e9lioreront notre cadre de vie par l\u2019am\u00e9nagement d\u2019espaces verts et du &#8220;chemin de randonn\u00e9e <em>Grandir Dehors<\/em>&#8220;, par le d\u00e9sherbage manuel de nos 2 cimeti\u00e8res et par des travaux de peinture en Mairie\u2026 ou encore l\u2019organisation du caf\u00e9 du matin et du repas pour les participants.<\/p>\n\n\n\n<p><em>Pensez \u00e0 emmener vos outils si possible :<\/em> roto-fil, d\u00e9broussailleuse, tron\u00e7onneuse, s\u00e9cateurs, pelles, pioches, b\u00eaches\u2026 ainsi que vos lunettes, gants, v\u00eatements de travail\u2026<\/p>\n\n\n\n<p>Cette journ\u00e9e est aussi un bon moyen d\u2019int\u00e9gration pour les nouveaux r\u00e9sidents car elle nous rassemble autour d\u2019un projet civique, utile et collectif qui permet de passer du stade d\u2019une population de consommateurs \u00e0 celui d\u2019une population concern\u00e9e et agissante.<\/p>\n\n\n\n<p>En ces temps de restrictions budg\u00e9taires, la journ\u00e9e citoyenne permet \u00e0 notre commune de r\u00e9aliser de substantielles \u00e9conomies en partenariat \u00e9ventuel avec les entreprises et les associations locales qui peuvent \u00e9galement nous pr\u00eater main forte. Les \u00e9conomies r\u00e9alis\u00e9es permettent alors de l\u2019autofinancement pour d\u00e9clencher des travaux plus nombreux de march\u00e9s publics.<\/p>\n\n\n\n<p><strong>Pour que cette journ\u00e9e soit une belle r\u00e9ussite, inscrivez-vous directement aupr\u00e8s de la mairie aux heures d\u2019ouverture en t\u00e9l\u00e9phonant au : 05 62 62 33 98 ou au 06 85 33 78 67<\/strong><\/p>\n","protected":false},"excerpt":{"rendered":"<p>Samedi 24 Mai &#8211; RDV \u00e0 8 heures \u00e0 la MJC Cette journ\u00e9e permet de mobiliser les Monblanais durant 1\/2 journ\u00e9e de travail.Elle est suivie d\u2019un repas partag\u00e9 vers 13h &#8230;<\/p>\n","protected":false},"author":1,"featured_media":0,"parent":0,"menu_order":0,"comment_status":"closed","ping_status":"closed","template":"","meta":{"om_disable_all_campaigns":false,"footnotes":""},"class_list":["post-2081","page","type-page","status-publish","hentry"],"_links":{"self":[{"href":"https:\/\/monblanc-gers.com\/index.php\/wp-json\/wp\/v2\/pages\/2081","targetHints":{"allow":["GET"]}}],"collection":[{"href":"https:\/\/monblanc-gers.com\/index.php\/wp-json\/wp\/v2\/pages"}],"about":[{"href":"https:\/\/monblanc-gers.com\/index.php\/wp-json\/wp\/v2\/types\/page"}],"author":[{"embeddable":true,"href":"https:\/\/monblanc-gers.com\/index.php\/wp-json\/wp\/v2\/users\/1"}],"replies":[{"embeddable":true,"href":"https:\/\/monblanc-gers.com\/index.php\/wp-json\/wp\/v2\/comments?post=2081"}],"version-history":[{"count":1,"href":"https:\/\/monblanc-gers.com\/index.php\/wp-json\/wp\/v2\/pages\/2081\/revisions"}],"predecessor-version":[{"id":2082,"href":"https:\/\/monblanc-gers.com\/index.php\/wp-json\/wp\/v2\/pages\/2081\/revisions\/2082"}],"wp:attachment":[{"href":"https:\/\/monblanc-gers.com\/index.php\/wp-json\/wp\/v2\/media?parent=2081"}],"curies":[{"name":"wp","href":"https:\/\/api.w.org\/{rel}","templated":true}]}}